{"id":113,"date":"2022-11-18T00:17:25","date_gmt":"2022-11-18T00:17:25","guid":{"rendered":"https:\/\/www.ersatzflaechen.de\/?page_id=113"},"modified":"2022-11-21T16:48:39","modified_gmt":"2022-11-21T16:48:39","slug":"lage-der-flaechen","status":"publish","type":"page","link":"https:\/\/www.ersatzflaechen.de\/index.php\/informationen\/lage-der-flaechen\/","title":{"rendered":"Lage der Fl\u00e4chen"},"content":{"rendered":"\n<p class=\"ticss-738756a4 has-white-color has-text-color has-background\" style=\"background-color:#275143\">Unsere Fl\u00e4chen befinden sich in Niedersachen im Landkreis Diepholz, 6 km von der Landesgrenze zu Nordrhein-Westfalen entfernt. Zur Gemeinde Wagenfeld geh\u00f6rend, liegt unser Betrieb ca. 20 km \u00f6stlich von Diepholz zwischen den St\u00e4dten Rahden im S\u00fcden und Sulingen im Norden. Die Fl\u00e4chen werden in Nord-S\u00fcd-Richtung von der Landesstra\u00dfe L347 (\u201eVarreler Stra\u00dfe\u201c) durchschnitten und grenzen \u00f6stlich sowie westlich an diese an.<\/p>\n\n\n<div class=\"wp-block-image is-style-default\">\n<figure class=\"aligncenter size-full\"><img loading=\"lazy\" decoding=\"async\" width=\"500\" height=\"375\" src=\"https:\/\/www.ersatzflaechen.de\/wp-content\/uploads\/map.jpg\" alt=\"Lageplan\" class=\"wp-image-29\" srcset=\"https:\/\/www.ersatzflaechen.de\/wp-content\/uploads\/map.jpg 500w, https:\/\/www.ersatzflaechen.de\/wp-content\/uploads\/map-300x225.jpg 300w\" sizes=\"auto, (max-width: 500px) 100vw, 500px\" \/><figcaption class=\"wp-element-caption\">Lage der Fl\u00e4chen \u00f6stlich von Diepholz zwischen Neust\u00e4dter Moor und Renzeler Moor. Unma\u00dfst\u00e4bliche Darstellung, AGNL 2022.<\/figcaption><\/figure>\n<\/div>\n\n\n<p class=\"ticss-8da628df has-white-color has-text-color has-background\" style=\"background-color:#275143\">Die Fl\u00e4chen z\u00e4hlen zur naturr\u00e4umlichen Region \u201eEms-Hunte-Geest und D\u00fcmmer-Geest-Niederung\u201c in der Haupteinheit \u201eDiepholzer Moorniederung\u201c. Der Naturraum der Diepholzer Moorniederung wird durch Hochmoore gepr\u00e4gt. Diese k\u00f6nnen jedoch nur noch selten als intakt bezeichnet werden, da sie durch die langj\u00e4hrige Entw\u00e4sserung, den Torfabbau und die landwirtschaftliche Nutzung gesch\u00e4digt wurden. Teile der Hochmoore befinden sich bereits in Renaturierung. Des Weiteren finden sich Moor- und Sandheiden, Niedermoore, Gr\u00fcnl\u00e4nder und Bruch- und Moorw\u00e4lder im Naturraum.<\/p>\n\n\n\n<p class=\"has-text-align-center ticss-b7da9004 has-white-color has-text-color has-background\" style=\"background-color:#275143\"><a href=\"https:\/\/www.umwelt.niedersachsen.de\/startseite\/service\/umweltkarten\/natur_amp_landschaft\/naturraumliche_regionen\/naturraeumliche-regionen-in-niedersachsen-8639.html\" target=\"_blank\" rel=\"noreferrer noopener\">Naturr\u00e4umliche Regionen in Niedersachsen<br>Nds. Ministerium f\u00fcr Umwelt, Energie, Bauen und Klimaschutz<\/a><\/p>\n\n\n\n<div class=\"wp-block-buttons is-content-justification-center is-layout-flex wp-container-core-buttons-is-layout-16018d1d wp-block-buttons-is-layout-flex\">\n<div class=\"wp-block-button\"><a class=\"wp-block-button__link has-white-color has-text-color has-background wp-element-button\" href=\"https:\/\/www.ersatzflaechen.de\/\" style=\"background-color:#275143\">zur\u00fcck<\/a><\/div>\n\n\n\n<div class=\"wp-block-button\"><a class=\"wp-block-button__link has-white-color has-text-color has-background wp-element-button\" href=\"https:\/\/www.ersatzflaechen.de\/index.php\/informationen\/massnahmen\/\" style=\"background-color:#275143\">weiter<\/a><\/div>\n<\/div>\n","protected":false},"excerpt":{"rendered":"<p>Unsere Fl\u00e4chen befinden sich in Niedersachen im Landkreis Diepholz, 6 km von der Landesgrenze zu Nordrhein-Westfalen entfernt. Zur Gemeinde Wagenfeld geh\u00f6rend, liegt unser Betrieb ca. 20 km \u00f6stlich von Diepholz zwischen den St\u00e4dten Rahden im S\u00fcden und Sulingen im Norden. Die Fl\u00e4chen werden in Nord-S\u00fcd-Richtung von der Landesstra\u00dfe L347 (\u201eVarreler Stra\u00dfe\u201c) durchschnitten und grenzen \u00f6stlich &hellip; <\/p>\n<p class=\"link-more\"><a href=\"https:\/\/www.ersatzflaechen.de\/index.php\/informationen\/lage-der-flaechen\/\" class=\"more-link\"><span class=\"screen-reader-text\">\u201eLage der Fl\u00e4chen\u201c <\/span>weiterlesen<\/a><\/p>\n","protected":false},"author":1,"featured_media":0,"parent":93,"menu_order":2,"comment_status":"closed","ping_status":"closed","template":"","meta":{"_themeisle_gutenberg_block_has_review":false,"footnotes":""},"class_list":["post-113","page","type-page","status-publish","hentry"],"_links":{"self":[{"href":"https:\/\/www.ersatzflaechen.de\/index.php\/wp-json\/wp\/v2\/pages\/113","targetHints":{"allow":["GET"]}}],"collection":[{"href":"https:\/\/www.ersatzflaechen.de\/index.php\/wp-json\/wp\/v2\/pages"}],"about":[{"href":"https:\/\/www.ersatzflaechen.de\/index.php\/wp-json\/wp\/v2\/types\/page"}],"author":[{"embeddable":true,"href":"https:\/\/www.ersatzflaechen.de\/index.php\/wp-json\/wp\/v2\/users\/1"}],"replies":[{"embeddable":true,"href":"https:\/\/www.ersatzflaechen.de\/index.php\/wp-json\/wp\/v2\/comments?post=113"}],"version-history":[{"count":14,"href":"https:\/\/www.ersatzflaechen.de\/index.php\/wp-json\/wp\/v2\/pages\/113\/revisions"}],"predecessor-version":[{"id":259,"href":"https:\/\/www.ersatzflaechen.de\/index.php\/wp-json\/wp\/v2\/pages\/113\/revisions\/259"}],"up":[{"embeddable":true,"href":"https:\/\/www.ersatzflaechen.de\/index.php\/wp-json\/wp\/v2\/pages\/93"}],"wp:attachment":[{"href":"https:\/\/www.ersatzflaechen.de\/index.php\/wp-json\/wp\/v2\/media?parent=113"}],"curies":[{"name":"wp","href":"https:\/\/api.w.org\/{rel}","templated":true}]}}