{"id":118,"date":"2022-11-18T00:24:33","date_gmt":"2022-11-18T00:24:33","guid":{"rendered":"https:\/\/www.ersatzflaechen.de\/?page_id=118"},"modified":"2022-11-21T17:27:38","modified_gmt":"2022-11-21T17:27:38","slug":"massnahmen","status":"publish","type":"page","link":"https:\/\/www.ersatzflaechen.de\/index.php\/informationen\/massnahmen\/","title":{"rendered":"Ma\u00dfnahmen"},"content":{"rendered":"\n<p class=\"ticss-6e98f910 has-white-color has-text-color has-background\" style=\"background-color:#275143\">Die \u00f6kologische Aufwertung im Rahmen unseres Projektes umfasst sowohl Acker als auch Gr\u00fcnlandfl\u00e4chen. Es werden je nach Vornutzung unterschiedliche Ma\u00dfnahmen umgesetzt.<\/p>\n\n\n<div class=\"wp-block-image\">\n<figure class=\"aligncenter size-full\"><img loading=\"lazy\" decoding=\"async\" width=\"425\" height=\"371\" src=\"https:\/\/www.ersatzflaechen.de\/wp-content\/uploads\/map2.jpg\" alt=\"\" class=\"wp-image-30\" srcset=\"https:\/\/www.ersatzflaechen.de\/wp-content\/uploads\/map2.jpg 425w, https:\/\/www.ersatzflaechen.de\/wp-content\/uploads\/map2-300x262.jpg 300w\" sizes=\"auto, (max-width: 425px) 100vw, 425px\" \/><\/figure>\n<\/div>\n\n\n<p class=\"ticss-26f47285 has-white-color has-text-color has-background\" style=\"background-color:#275143\"><strong>Ma\u00dfnahmenbereich Gr\u00fcnland<\/strong><br><br>Das zuvor intensiv genutzte Gr\u00fcnland wird \u00fcber einen Zeitraum von mindestens 5 Jahren auszuhagern. Alle eventuell im Gr\u00fcnland vorhandenen Drainage-Einrichtungen wurden dauerhaft entfernt.<\/p>\n\n\n<div class=\"wp-block-image\">\n<figure class=\"aligncenter size-full\"><img loading=\"lazy\" decoding=\"async\" width=\"484\" height=\"271\" src=\"https:\/\/www.ersatzflaechen.de\/wp-content\/uploads\/beseitigungdrainage.jpg\" alt=\"\" class=\"wp-image-27\" srcset=\"https:\/\/www.ersatzflaechen.de\/wp-content\/uploads\/beseitigungdrainage.jpg 484w, https:\/\/www.ersatzflaechen.de\/wp-content\/uploads\/beseitigungdrainage-300x168.jpg 300w\" sizes=\"auto, (max-width: 484px) 100vw, 484px\" \/><figcaption class=\"wp-element-caption\">Beseitigung Drainage<\/figcaption><\/figure>\n<\/div>\n\n\n<p class=\"ticss-3019e4bb has-white-color has-text-color has-background\" style=\"background-color:#275143\">Die Bewirtschaftung der Fl\u00e4che umfasst eine zweisch\u00fcrige Aushagerungsmahd mit Abtransport des Mahdguts. Mahdzeitpunkte und Beweidung werden dabie mit dem Gebietsmanagement abgestimmt, eine Mahd sowie bodenbearbeitende Ma\u00dfnahmen wie Walzen oder Schleppen sollten i. d. R. jedoch aufgrund der Brutperiode wiesenbr\u00fctender Vogelarten nicht vor dem 15. Juni erfolgen. Das Schleppen von Gr\u00fcnlandfl\u00e4chen ist im Fr\u00fchjahr bis zum 15. M\u00e4rz, in Jahren mit besonders mildem Witterungsverlauf ggf. nur bis zum 01. M\u00e4rz m\u00f6glich. Eine Neueinsaat, der Einsatz von mulchenden Ger\u00e4ten und die Ausbringung von Pflanzenschutzmitteln sind untersagt.<br><br>Zus\u00e4tzlich zur Bewirtschaftung wurden in den n\u00f6rdlichen, extrem artenarmen Bereichen der Gr\u00fcnlandfl\u00e4chen gezielt Arten aus dem Zielartenspektrum eingebracht, da hier aufgrund der Artenarmut ansonsten nicht von einer Etablierung artenreicheren Gr\u00fcnlands in absehbarer Zeit ausgegangen werden kann.<br><br>Dar\u00fcber hinaus ist eine Anlage der Bl\u00e4nken\/Wiesent\u00fcmpeln als flache, teilweise trockenfallende Gel\u00e4ndemulden auf den Gr\u00fcnlandfl\u00e4chen erfolgt. Die Bl\u00e4nken sind haupts\u00e4chlich durch Niederschlagswasser gespeist, vereinzelt wurde jedoch auch ein Grundwasseranschnitt angestrebt. Eine Wasserf\u00fchrung sollte insbesondere im Fr\u00fchjahr bestehen, ein zumindest teilweises Austrocknen im Sommer ist jedoch explizit erw\u00fcnscht. Zus\u00e4tzlich ist durch die Erstellung von Verwallungen der Abfluss von Oberfl\u00e4chenwasser in den Bereichen der anzulegenden Bl\u00e4nken reduziert worden.<br><\/p>\n\n\n<div class=\"wp-block-image\">\n<figure class=\"aligncenter size-full\"><img loading=\"lazy\" decoding=\"async\" width=\"626\" height=\"296\" src=\"https:\/\/www.ersatzflaechen.de\/wp-content\/uploads\/anlageblaenkenuverwallungen.jpg\" alt=\"\" class=\"wp-image-26\" srcset=\"https:\/\/www.ersatzflaechen.de\/wp-content\/uploads\/anlageblaenkenuverwallungen.jpg 626w, https:\/\/www.ersatzflaechen.de\/wp-content\/uploads\/anlageblaenkenuverwallungen-300x142.jpg 300w\" sizes=\"auto, (max-width: 626px) 100vw, 626px\" \/><figcaption class=\"wp-element-caption\">Anlage Bl\u00e4nken und Verwallungen&nbsp;<\/figcaption><\/figure>\n<\/div>\n\n<div class=\"wp-block-image\">\n<figure class=\"aligncenter size-full\"><img loading=\"lazy\" decoding=\"async\" width=\"646\" height=\"306\" src=\"https:\/\/www.ersatzflaechen.de\/wp-content\/uploads\/mahtgutuebertragung.jpg\" alt=\"\" class=\"wp-image-28\" srcset=\"https:\/\/www.ersatzflaechen.de\/wp-content\/uploads\/mahtgutuebertragung.jpg 646w, https:\/\/www.ersatzflaechen.de\/wp-content\/uploads\/mahtgutuebertragung-300x142.jpg 300w\" sizes=\"auto, (max-width: 646px) 100vw, 646px\" \/><figcaption class=\"wp-element-caption\">Neu angelegt Bl\u00e4nke nach Mahdgut\u00fcbertragung<\/figcaption><\/figure>\n<\/div>\n\n\n<p class=\"ticss-4de20777 has-white-color has-text-color has-background\" style=\"background-color:#275143\"><strong>Ma\u00dfnahmenbereich Acker<\/strong><br><br>Ziel ist auch hier die Entwicklung von extensiv genutztem Gr\u00fcnland. Als vorbereitende Ma\u00dfnahme erfolgt dazu eine Aushagerung der entsprechenden Fl\u00e4che \u00fcber eine Vegetationsperiode, durch den Anbau von Roggen, der im Fr\u00fchling\/Fr\u00fchsommer als Gr\u00fcnroggen geerntet werden.<br><br>Des Weiteren wird auf einer Teilfl\u00e4che die Entwicklung von Saumstrukturen\/Halbruderalen Staudenfluren und auf einer weiteren Teilfl\u00e4che die Entwicklung bzw. Etablierung einer Streuobstwiese angestrebt.<\/p>\n\n\n\n<div class=\"wp-block-buttons is-content-justification-center is-layout-flex wp-container-core-buttons-is-layout-16018d1d wp-block-buttons-is-layout-flex\">\n<div class=\"wp-block-button\"><a class=\"wp-block-button__link has-white-color has-text-color has-background wp-element-button\" href=\"https:\/\/www.ersatzflaechen.de\/index.php\/informationen\/lage-der-flaechen\/\" style=\"background-color:#275143\">zur\u00fcck<\/a><\/div>\n\n\n\n<div class=\"wp-block-button\"><a class=\"wp-block-button__link has-white-color has-text-color has-background wp-element-button\" href=\"https:\/\/www.ersatzflaechen.de\/index.php\/informationen\/zielsetzung-der-massnahmen-schutzgueterzielsetzung\/\" style=\"background-color:#275143\">weiter<\/a><\/div>\n<\/div>\n","protected":false},"excerpt":{"rendered":"<p>Die \u00f6kologische Aufwertung im Rahmen unseres Projektes umfasst sowohl Acker als auch Gr\u00fcnlandfl\u00e4chen. Es werden je nach Vornutzung unterschiedliche Ma\u00dfnahmen umgesetzt. Ma\u00dfnahmenbereich Gr\u00fcnland Das zuvor intensiv genutzte Gr\u00fcnland wird \u00fcber einen Zeitraum von mindestens 5 Jahren auszuhagern. Alle eventuell im Gr\u00fcnland vorhandenen Drainage-Einrichtungen wurden dauerhaft entfernt. Die Bewirtschaftung der Fl\u00e4che umfasst eine zweisch\u00fcrige Aushagerungsmahd mit &hellip; <\/p>\n<p class=\"link-more\"><a href=\"https:\/\/www.ersatzflaechen.de\/index.php\/informationen\/massnahmen\/\" class=\"more-link\"><span class=\"screen-reader-text\">\u201eMa\u00dfnahmen\u201c <\/span>weiterlesen<\/a><\/p>\n","protected":false},"author":1,"featured_media":0,"parent":93,"menu_order":3,"comment_status":"closed","ping_status":"closed","template":"","meta":{"_themeisle_gutenberg_block_has_review":false,"footnotes":""},"class_list":["post-118","page","type-page","status-publish","hentry"],"_links":{"self":[{"href":"https:\/\/www.ersatzflaechen.de\/index.php\/wp-json\/wp\/v2\/pages\/118","targetHints":{"allow":["GET"]}}],"collection":[{"href":"https:\/\/www.ersatzflaechen.de\/index.php\/wp-json\/wp\/v2\/pages"}],"about":[{"href":"https:\/\/www.ersatzflaechen.de\/index.php\/wp-json\/wp\/v2\/types\/page"}],"author":[{"embeddable":true,"href":"https:\/\/www.ersatzflaechen.de\/index.php\/wp-json\/wp\/v2\/users\/1"}],"replies":[{"embeddable":true,"href":"https:\/\/www.ersatzflaechen.de\/index.php\/wp-json\/wp\/v2\/comments?post=118"}],"version-history":[{"count":8,"href":"https:\/\/www.ersatzflaechen.de\/index.php\/wp-json\/wp\/v2\/pages\/118\/revisions"}],"predecessor-version":[{"id":276,"href":"https:\/\/www.ersatzflaechen.de\/index.php\/wp-json\/wp\/v2\/pages\/118\/revisions\/276"}],"up":[{"embeddable":true,"href":"https:\/\/www.ersatzflaechen.de\/index.php\/wp-json\/wp\/v2\/pages\/93"}],"wp:attachment":[{"href":"https:\/\/www.ersatzflaechen.de\/index.php\/wp-json\/wp\/v2\/media?parent=118"}],"curies":[{"name":"wp","href":"https:\/\/api.w.org\/{rel}","templated":true}]}}