{"id":12,"date":"2022-11-15T14:36:42","date_gmt":"2022-11-15T14:36:42","guid":{"rendered":"https:\/\/www.ersatzflaechen.de\/?page_id=12"},"modified":"2023-02-04T23:56:56","modified_gmt":"2023-02-04T23:56:56","slug":"willkommen","status":"publish","type":"page","link":"https:\/\/www.ersatzflaechen.de\/","title":{"rendered":"Start"},"content":{"rendered":"\n<p class=\"ticss-b44ba38c has-white-color has-text-color has-background\" style=\"background-color:#275143;font-size:18px\">Wir bieten die \u00dcbernahme von Kompensationsverpflichtungen, die aufgrund eines Eingriffes in Natur und Landschaft bestehen. Dazu werden Ma\u00dfnahmen zur \u00f6kologischen Aufwertung unseres Flachen umgesetzt und so zus\u00e4tzlich ein wichtiger Beitrag zur Aufwertung unserer Kulturlandschaft erzielt.<br><br>Die Fl\u00e4chen liegen in der naturr\u00e4umlichen Region \u201eEms-Hunte-Geest und D\u00fcmmer-Geest-Niederung\u201c und k\u00f6nnen somit zur Kompensation entsprechender Projekte in dieser Region herangezogen werden. Die Berechnung erfolgt anhand des Osnabr\u00fccker Kompensationsmodells.<br><br>F\u00fcr weitere Informationen nutzen Sie die folgenden Links oder unser <a href=\"https:\/\/www.ersatzflaechen.de\/index.php\/kontaktformular\/\" data-type=\"page\" data-id=\"147\">Kontaktformular<\/a>.<\/p>\n\n\n\n<div class=\"wp-block-buttons is-content-justification-center is-layout-flex wp-container-core-buttons-is-layout-16018d1d wp-block-buttons-is-layout-flex\">\n<div class=\"wp-block-button is-style-fill\"><a class=\"wp-block-button__link has-white-color has-text-color has-background wp-element-button\" href=\"https:\/\/www.ersatzflaechen.de\/index.php\/informationen\/inhalte\/\" style=\"background-color:#275143\"><strong>Grundlagen<\/strong><\/a><\/div>\n\n\n\n<div class=\"wp-block-button is-style-fill\"><a class=\"wp-block-button__link has-white-color has-text-color has-background wp-element-button\" href=\"https:\/\/www.ersatzflaechen.de\/index.php\/informationen\/lage-der-flaechen\/\" style=\"background-color:#275143\"><strong>Lage der Fl\u00e4chen<\/strong><\/a><\/div>\n\n\n\n<div class=\"wp-block-button is-style-fill\"><a class=\"wp-block-button__link has-white-color has-text-color has-background wp-element-button\" href=\"https:\/\/www.ersatzflaechen.de\/index.php\/informationen\/massnahmen\/\" style=\"background-color:#275143\"><strong>Ma\u00dfnahmen<\/strong><\/a><\/div>\n<\/div>\n\n\n\n<div class=\"wp-block-buttons is-content-justification-center is-layout-flex wp-container-core-buttons-is-layout-16018d1d wp-block-buttons-is-layout-flex\">\n<div class=\"wp-block-button is-style-fill\"><a class=\"wp-block-button__link has-white-color has-text-color has-background wp-element-button\" href=\"https:\/\/www.ersatzflaechen.de\/index.php\/informationen\/zielsetzung-der-massnahmen-schutzgueterzielsetzung\/\" style=\"background-color:#275143\"><strong>Zielsetzung<\/strong><\/a><\/div>\n\n\n\n<div class=\"wp-block-button is-style-fill\"><a class=\"wp-block-button__link has-white-color has-text-color has-background wp-element-button\" href=\"https:\/\/www.ersatzflaechen.de\/index.php\/informationen\/monitoring\/\" style=\"background-color:#275143\"><strong>Monitoring<\/strong><\/a><\/div>\n<\/div>\n\n\n\n<p class=\"has-text-align-center\"><br><br><br><strong>Unsere Partner<\/strong><\/p>\n\n\n\n<div class=\"wp-block-media-text alignwide is-stacked-on-mobile is-vertically-aligned-center has-white-background-color has-background\"><figure class=\"wp-block-media-text__media\"><img loading=\"lazy\" decoding=\"async\" width=\"1024\" height=\"451\" src=\"https:\/\/www.ersatzflaechen.de\/wp-content\/uploads\/LK-DH-1024x451.jpg\" alt=\"\" class=\"wp-image-298 size-full\" srcset=\"https:\/\/www.ersatzflaechen.de\/wp-content\/uploads\/LK-DH-1024x451.jpg 1024w, https:\/\/www.ersatzflaechen.de\/wp-content\/uploads\/LK-DH-300x132.jpg 300w, https:\/\/www.ersatzflaechen.de\/wp-content\/uploads\/LK-DH-768x338.jpg 768w, https:\/\/www.ersatzflaechen.de\/wp-content\/uploads\/LK-DH-1536x676.jpg 1536w, https:\/\/www.ersatzflaechen.de\/wp-content\/uploads\/LK-DH-2048x901.jpg 2048w\" sizes=\"auto, (max-width: 767px) 89vw, (max-width: 1000px) 54vw, (max-width: 1071px) 543px, 580px\" \/><\/figure><div class=\"wp-block-media-text__content\">\n<p>Landkreis Diepholz<br>Untere Naturschutzbeh\u00f6rde<\/p>\n<\/div><\/div>\n\n\n\n<div class=\"wp-block-media-text alignwide is-stacked-on-mobile is-vertically-aligned-center has-white-background-color has-background\"><figure class=\"wp-block-media-text__media\"><img decoding=\"async\" src=\"https:\/\/www.ersatzflaechen.de\/wp-content\/uploads\/diepholzerBUND.svg\" alt=\"\" class=\"wp-image-312 size-full\"\/><\/figure><div class=\"wp-block-media-text__content\">\n<p>Bund f\u00fcr Naturschutz Deutschland<br>Diepholzer Moorniederungen<\/p>\n<\/div><\/div>\n","protected":false},"excerpt":{"rendered":"<p>Wir bieten die \u00dcbernahme von Kompensationsverpflichtungen, die aufgrund eines Eingriffes in Natur und Landschaft bestehen. Dazu werden Ma\u00dfnahmen zur \u00f6kologischen Aufwertung unseres Flachen umgesetzt und so zus\u00e4tzlich ein wichtiger Beitrag zur Aufwertung unserer Kulturlandschaft erzielt. Die Fl\u00e4chen liegen in der naturr\u00e4umlichen Region \u201eEms-Hunte-Geest und D\u00fcmmer-Geest-Niederung\u201c und k\u00f6nnen somit zur Kompensation entsprechender Projekte in dieser Region &hellip; <\/p>\n<p class=\"link-more\"><a href=\"https:\/\/www.ersatzflaechen.de\/\" class=\"more-link\"><span class=\"screen-reader-text\">\u201eStart\u201c <\/span>weiterlesen<\/a><\/p>\n","protected":false},"author":1,"featured_media":0,"parent":0,"menu_order":0,"comment_status":"closed","ping_status":"closed","template":"","meta":{"_themeisle_gutenberg_block_has_review":false,"footnotes":""},"class_list":["post-12","page","type-page","status-publish","hentry"],"_links":{"self":[{"href":"https:\/\/www.ersatzflaechen.de\/index.php\/wp-json\/wp\/v2\/pages\/12","targetHints":{"allow":["GET"]}}],"collection":[{"href":"https:\/\/www.ersatzflaechen.de\/index.php\/wp-json\/wp\/v2\/pages"}],"about":[{"href":"https:\/\/www.ersatzflaechen.de\/index.php\/wp-json\/wp\/v2\/types\/page"}],"author":[{"embeddable":true,"href":"https:\/\/www.ersatzflaechen.de\/index.php\/wp-json\/wp\/v2\/users\/1"}],"replies":[{"embeddable":true,"href":"https:\/\/www.ersatzflaechen.de\/index.php\/wp-json\/wp\/v2\/comments?post=12"}],"version-history":[{"count":33,"href":"https:\/\/www.ersatzflaechen.de\/index.php\/wp-json\/wp\/v2\/pages\/12\/revisions"}],"predecessor-version":[{"id":314,"href":"https:\/\/www.ersatzflaechen.de\/index.php\/wp-json\/wp\/v2\/pages\/12\/revisions\/314"}],"wp:attachment":[{"href":"https:\/\/www.ersatzflaechen.de\/index.php\/wp-json\/wp\/v2\/media?parent=12"}],"curies":[{"name":"wp","href":"https:\/\/api.w.org\/{rel}","templated":true}]}}