{"id":122,"date":"2022-11-18T00:30:37","date_gmt":"2022-11-18T00:30:37","guid":{"rendered":"https:\/\/www.ersatzflaechen.de\/?page_id=122"},"modified":"2022-11-21T17:28:32","modified_gmt":"2022-11-21T17:28:32","slug":"zielsetzung-der-massnahmen-schutzgueterzielsetzung","status":"publish","type":"page","link":"https:\/\/www.ersatzflaechen.de\/index.php\/informationen\/zielsetzung-der-massnahmen-schutzgueterzielsetzung\/","title":{"rendered":"Zielsetzung der Ma\u00dfnahmen \/ Schutzg\u00fcter Zielsetzung"},"content":{"rendered":"\n<p class=\"ticss-52031dd1 has-white-color has-text-color has-background\" style=\"background-color:#275143\">Durch Entwicklung unterschiedlicher, sich im Zielzustand untereinander u.a. durch den Grenzlinieneffekt wechselseitig positiv beeinflussender Lebensr\u00e4ume der Kulturlandschaft sollen verschiedene Elemente entstehen. Diese profitieren von den Synergieeffekten, die in diesem Ausma\u00df nur aufgrund der Gro\u00dffl\u00e4chigkeit der geplanten Ma\u00dfnahmen m\u00f6glich sind. Synergieeffekte lassen sich u.a. durch die Kombination der zu entwickelnden, miteinander vernetzten Extensivgr\u00fcnlandfl\u00e4chen, S\u00e4ume, Hecken und Streuobstbest\u00e4nde erzielen.<br><br>Alle im Zielzustand als Extensivgr\u00fcnland vorgesehenen Fl\u00e4chen sollen als Trittsteinbiotope zwischen dem Renzeler Moor, der Bleckriede und dem Neust\u00e4dter Moor verkehrender Arten, insbesondere Vogelarten wie z.B. dem Brachvogel, wirken und somit einen Beitrag zur Biotopvernetzung leisten.<br><br>Durch die Lage der aktuell als Gr\u00fcnland bewirtschafteten Fl\u00e4chen in der Randlage des Feuchtgr\u00fcnlandkomplexes \u201eBleckriede\u201c soll das Feucht-\/Nassgr\u00fcnland im Zielzustand eine Erweiterung des Habitats in der Bleckriede br\u00fctender Wiesenv\u00f6gel darstellen. Durch extensive Bewirtschaftung k\u00f6nnen sich beispielsweise im S\u00fcden des Gr\u00fcnlands einzelne bis ins Fr\u00fchjahr \u00fcberstaute Fl\u00e4che mit Flutrasen und kleinfl\u00e4chig stocherf\u00e4higen Schlammfl\u00e4chen entwickeln bzw. vorhandene weiter gef\u00f6rdert werden. Durch einen h\u00f6heren Bl\u00fctenreichtum kann sich ein gr\u00f6\u00dferes Nahrungsangebot einstellen.<br><br>Aufgrund der Gro\u00dffl\u00e4chigkeit kann durch die Kombination der im Zielzustand geplanten Elemente einer Kulturlandschaft ein nennenswerter Beitrag zur Aufwertung des Landschaftsbilds erzielt werden. Durch die Anlage eines unbefestigten Weges \u00fcber die Gr\u00fcnlandfl\u00e4chen auf den aktuell noch als Acker genutzten Bereichen wird zudem die Erholungsfunktion der Landschaft gef\u00f6rdert.<\/p>\n\n\n\n<figure class=\"wp-block-table aligncenter ticss-fde9755e is-style-regular\"><table class=\"has-white-color has-text-color has-background\" style=\"background-color:#275143\"><thead><tr><th class=\"has-text-align-left\" data-align=\"left\">Schutzgut<\/th><th class=\"has-text-align-left\" data-align=\"left\">Wirkung<\/th><\/tr><\/thead><tbody><tr><td class=\"has-text-align-left\" data-align=\"left\"><strong>Arten, Biotope, Biodiversit\u00e4t<\/strong><\/td><td class=\"has-text-align-left\" data-align=\"left\">&gt; F\u00f6rderung des Biotopverbunds durch Schaffung von Vernetzungsstrukturen und Trittsteinbiotopen<br>&gt; F\u00f6rderung unterschiedlicher naturschutzfachlich wertvoller Arten und ihrer Lebensr\u00e4ume<br>&gt; Entwicklung von Habitaten sowie Optimierung der bestehenden Habitatkomplexe von Zielarten des Wiesenvogelschutzes<\/td><\/tr><tr><td class=\"has-text-align-left\" data-align=\"left\"><strong>Boden<\/strong><\/td><td class=\"has-text-align-left\" data-align=\"left\">&gt; Reduzierung von Belastungen durch intensive landwirtschaftliche Bodenbearbeitung<br>&gt; Verminderung der Erosionsgefahr durch ganzj\u00e4hrige Bodenbedeckung auf erosionsgef\u00e4hrdeten Ackerstandorten<br>&gt; Verminderung von Stickstoffdeposition und anderer Stoffeintr\u00e4ge in angrenzende sensible \u00d6kosysteme im Sinne einer Pufferfunktion<\/td><\/tr><tr><td class=\"has-text-align-left\" data-align=\"left\"><strong>Wasser<\/strong><\/td><td class=\"has-text-align-left\" data-align=\"left\">&gt; Entwicklung und Neuanlage naturnaher Kleingew\u00e4sser\/Bl\u00e4nken<br>&gt; Schutz vor stofflichen Eintr\u00e4gen aufgrund von D\u00fcngung und Pestizideinsatz in Grundwasser und Oberfl\u00e4chengew\u00e4sser<br>&gt; Erh\u00f6hung des Wasserr\u00fcckhalteverm\u00f6gens in der Landschaft<\/td><\/tr><tr><td class=\"has-text-align-left\" data-align=\"left\"><strong>Klima \/ Luft<\/strong><\/td><td class=\"has-text-align-left\" data-align=\"left\">&gt; Lokalklimatische Verbesserung der Kalt- und Frischluftproduktion<br>&gt; Senkung der CO<sub>2<\/sub>-Freisetzung durch extensive landwirtschaftliche<br>&gt; Nutzung von Niedermoorstandorten<\/td><\/tr><tr><td class=\"has-text-align-left\" data-align=\"left\"><strong>Landschaftsbild<\/strong><\/td><td class=\"has-text-align-left\" data-align=\"left\">&gt; F\u00f6rderung regionaltypischer Kulturlandschaftselemente<br>&gt; Steigerung des naturbezogenen Erholungswertes durch Anlage verschiedener Landschaftselemente<\/td><\/tr><\/tbody><\/table><figcaption class=\"wp-element-caption\">Prognostizierte Wirkungen der geplanten Ma\u00dfnahmen auf betrachtete Schutzg\u00fcter<\/figcaption><\/figure>\n\n\n\n<div class=\"wp-block-buttons is-content-justification-center is-layout-flex wp-container-core-buttons-is-layout-16018d1d wp-block-buttons-is-layout-flex\">\n<div class=\"wp-block-button\"><a class=\"wp-block-button__link has-white-color has-text-color has-background wp-element-button\" href=\"https:\/\/www.ersatzflaechen.de\/index.php\/informationen\/massnahmen\/\" style=\"background-color:#275143\">zur\u00fcck<\/a><\/div>\n\n\n\n<div class=\"wp-block-button\"><a class=\"wp-block-button__link has-white-color has-text-color has-background wp-element-button\" href=\"https:\/\/www.ersatzflaechen.de\/index.php\/informationen\/monitoring\/\" style=\"background-color:#275143\">weiter<\/a><\/div>\n<\/div>\n","protected":false},"excerpt":{"rendered":"<p>Durch Entwicklung unterschiedlicher, sich im Zielzustand untereinander u.a. durch den Grenzlinieneffekt wechselseitig positiv beeinflussender Lebensr\u00e4ume der Kulturlandschaft sollen verschiedene Elemente entstehen. Diese profitieren von den Synergieeffekten, die in diesem Ausma\u00df nur aufgrund der Gro\u00dffl\u00e4chigkeit der geplanten Ma\u00dfnahmen m\u00f6glich sind. Synergieeffekte lassen sich u.a. durch die Kombination der zu entwickelnden, miteinander vernetzten Extensivgr\u00fcnlandfl\u00e4chen, S\u00e4ume, Hecken und &hellip; <\/p>\n<p class=\"link-more\"><a href=\"https:\/\/www.ersatzflaechen.de\/index.php\/informationen\/zielsetzung-der-massnahmen-schutzgueterzielsetzung\/\" class=\"more-link\"><span class=\"screen-reader-text\">\u201eZielsetzung der Ma\u00dfnahmen \/ Schutzg\u00fcter Zielsetzung\u201c <\/span>weiterlesen<\/a><\/p>\n","protected":false},"author":1,"featured_media":0,"parent":93,"menu_order":4,"comment_status":"closed","ping_status":"closed","template":"","meta":{"_themeisle_gutenberg_block_has_review":false,"footnotes":""},"class_list":["post-122","page","type-page","status-publish","hentry"],"_links":{"self":[{"href":"https:\/\/www.ersatzflaechen.de\/index.php\/wp-json\/wp\/v2\/pages\/122","targetHints":{"allow":["GET"]}}],"collection":[{"href":"https:\/\/www.ersatzflaechen.de\/index.php\/wp-json\/wp\/v2\/pages"}],"about":[{"href":"https:\/\/www.ersatzflaechen.de\/index.php\/wp-json\/wp\/v2\/types\/page"}],"author":[{"embeddable":true,"href":"https:\/\/www.ersatzflaechen.de\/index.php\/wp-json\/wp\/v2\/users\/1"}],"replies":[{"embeddable":true,"href":"https:\/\/www.ersatzflaechen.de\/index.php\/wp-json\/wp\/v2\/comments?post=122"}],"version-history":[{"count":9,"href":"https:\/\/www.ersatzflaechen.de\/index.php\/wp-json\/wp\/v2\/pages\/122\/revisions"}],"predecessor-version":[{"id":277,"href":"https:\/\/www.ersatzflaechen.de\/index.php\/wp-json\/wp\/v2\/pages\/122\/revisions\/277"}],"up":[{"embeddable":true,"href":"https:\/\/www.ersatzflaechen.de\/index.php\/wp-json\/wp\/v2\/pages\/93"}],"wp:attachment":[{"href":"https:\/\/www.ersatzflaechen.de\/index.php\/wp-json\/wp\/v2\/media?parent=122"}],"curies":[{"name":"wp","href":"https:\/\/api.w.org\/{rel}","templated":true}]}}