{"id":132,"date":"2022-11-18T00:53:39","date_gmt":"2022-11-18T00:53:39","guid":{"rendered":"https:\/\/www.ersatzflaechen.de\/?page_id=132"},"modified":"2022-11-21T17:29:29","modified_gmt":"2022-11-21T17:29:29","slug":"monitoring","status":"publish","type":"page","link":"https:\/\/www.ersatzflaechen.de\/index.php\/informationen\/monitoring\/","title":{"rendered":"Monitoring"},"content":{"rendered":"\n<p class=\"ticss-70884518 has-white-color has-text-color has-background\" style=\"background-color:#275143\">Bestandteil der \u00f6kologischen Aufwertung sind eine verpflichtende Erfolgskontrolle und ein Monitoring, f\u00fcr deren Durchf\u00fchrung gegen\u00fcber der Unteren Naturschutzbeh\u00f6rde des Landkreises Diepholz ein Nachweis erbracht wird. Ergebnisse werden dokumentieren und in schriftlicher Form in regelm\u00e4\u00dfigen Abst\u00e4nden zur Verf\u00fcgung gestellt.&nbsp;<br><br>Die Erfolgskontrolle dient zur Ermittlung des Stands der Durchf\u00fchrung sowie des Grads der Zielerreichung und somit des Erfolgs der Kompensationsma\u00dfnahmen. Frequenz und Umfang der Kontrollen werden in vorheriger Abstimmung mit der Unteren Naturschutzbeh\u00f6rde des Landkreises Diepholz so gew\u00e4hlt, dass eine Beurteilung folgender Aspekte m\u00f6glich ist:<\/p>\n\n\n\n<p class=\"ticss-8aa3700d has-white-color has-text-color has-background\" style=\"background-color:#275143\">Die Erfolgskontrolle dient zur Ermittlung des Stands der Durchf\u00fchrung sowie des Grads der Zielerreichung und somit des Erfolgs der Kompensationsma\u00dfnahmen. Frequenz und Umfang der Kontrollen werden in vorheriger Abstimmung mit der Unteren Naturschutzbeh\u00f6rde des Landkreises Diepholz so gew\u00e4hlt, dass eine Beurteilung folgender Aspekte m\u00f6glich ist:<\/p>\n\n\n\n<figure class=\"wp-block-table is-style-regular ticss-36d7e5f0\"><table class=\"has-white-color has-text-color has-background\" style=\"background-color:#275143\"><thead><tr><th><\/th><th>Aspekte<\/th><\/tr><\/thead><tbody><tr><td>Herstellungs- und Umsetzungskontrolle<\/td><td>&gt; Korrekte Ausf\u00fchrung der Ma\u00dfnahmen nach Umfang und Qualit\u00e4t sowie Einhaltung verbindlicher Regelwerke<br>&gt; Durchf\u00fchrung weiterer, notwendiger Ma\u00dfnahmen zur Herstellungs-\/Entwicklungspflege<\/td><\/tr><tr><td>Funktionserf\u00fcllungs- und Zielerreichungskontrolle<\/td><td>&gt; Einstellung des im Konzept definierten Zielzustands und ggf. Abweichungen vom Zielzustand<br>&gt; Erf\u00fcllung prognostizierter \u00f6kologischer Funktionen der Biotope\/Fl\u00e4chen (betrifft z.B. Annahme eines hergestellten Laichgew\u00e4ssers durch Amphibien)<br>&gt; Entwicklungstendenzen<\/td><\/tr><\/tbody><\/table><figcaption class=\"wp-element-caption\">Zu ber\u00fccksichtigende Aspekte im Rahmen des Monitorings<\/figcaption><\/figure>\n\n\n\n<p><\/p>\n\n\n\n<p class=\"ticss-d26c98a5 has-white-color has-text-color has-background\" style=\"background-color:#275143\">Nach Umsetzung der Ma\u00dfnahmen erfolgt \/erfolgte jeweils eine Abnahme der durchgef\u00fchrten Ma\u00dfnahmen durch die Untere Naturschutzbeh\u00f6rde des Landkreises Diepholz.<\/p>\n\n\n<div class=\"wp-block-image\">\n<figure class=\"aligncenter size-full\"><img loading=\"lazy\" decoding=\"async\" width=\"824\" height=\"390\" src=\"https:\/\/www.ersatzflaechen.de\/wp-content\/uploads\/unbubund.jpg\" alt=\"UNB und BUND\" class=\"wp-image-31\" srcset=\"https:\/\/www.ersatzflaechen.de\/wp-content\/uploads\/unbubund.jpg 824w, https:\/\/www.ersatzflaechen.de\/wp-content\/uploads\/unbubund-300x142.jpg 300w, https:\/\/www.ersatzflaechen.de\/wp-content\/uploads\/unbubund-768x363.jpg 768w\" sizes=\"auto, (max-width: 767px) 89vw, (max-width: 1000px) 54vw, (max-width: 1071px) 543px, 580px\" \/><figcaption class=\"wp-element-caption\">Ortstermin mit UNB und BUND<\/figcaption><\/figure>\n<\/div>\n\n\n<p class=\"ticss-1dad33b5 has-white-color has-text-color has-background\" style=\"background-color:#275143\">Auf Grundlage der Erkenntnisse des Monitorings wird bei unerw\u00fcnschten Entwicklungen der Fl\u00e4chen\/Biotope durch Anpassung und Optimierung des Managements und der Pflege ggf. zielgerichtet gegensteuert, damit prognostizierte Aufwertungspotentiale und die daraus resultierenden Werteinheiten erzielt werden k\u00f6nnen.<\/p>\n\n\n\n<div class=\"wp-block-buttons is-content-justification-center is-layout-flex wp-container-core-buttons-is-layout-16018d1d wp-block-buttons-is-layout-flex\">\n<div class=\"wp-block-button\"><a class=\"wp-block-button__link has-white-color has-text-color has-background wp-element-button\" href=\"https:\/\/www.ersatzflaechen.de\/index.php\/informationen\/zielsetzung-der-massnahmen-schutzgueterzielsetzung\/\" style=\"background-color:#275143\">zur\u00fcck<\/a><\/div>\n\n\n\n<div class=\"wp-block-button\"><a class=\"wp-block-button__link has-white-color has-text-color has-background wp-element-button\" href=\"https:\/\/www.ersatzflaechen.de\/\" style=\"background-color:#275143\">Start<\/a><\/div>\n<\/div>\n","protected":false},"excerpt":{"rendered":"<p>Bestandteil der \u00f6kologischen Aufwertung sind eine verpflichtende Erfolgskontrolle und ein Monitoring, f\u00fcr deren Durchf\u00fchrung gegen\u00fcber der Unteren Naturschutzbeh\u00f6rde des Landkreises Diepholz ein Nachweis erbracht wird. Ergebnisse werden dokumentieren und in schriftlicher Form in regelm\u00e4\u00dfigen Abst\u00e4nden zur Verf\u00fcgung gestellt.&nbsp; Die Erfolgskontrolle dient zur Ermittlung des Stands der Durchf\u00fchrung sowie des Grads der Zielerreichung und somit des &hellip; <\/p>\n<p class=\"link-more\"><a href=\"https:\/\/www.ersatzflaechen.de\/index.php\/informationen\/monitoring\/\" class=\"more-link\"><span class=\"screen-reader-text\">\u201eMonitoring\u201c <\/span>weiterlesen<\/a><\/p>\n","protected":false},"author":1,"featured_media":0,"parent":93,"menu_order":5,"comment_status":"closed","ping_status":"closed","template":"","meta":{"_themeisle_gutenberg_block_has_review":false,"footnotes":""},"class_list":["post-132","page","type-page","status-publish","hentry"],"_links":{"self":[{"href":"https:\/\/www.ersatzflaechen.de\/index.php\/wp-json\/wp\/v2\/pages\/132","targetHints":{"allow":["GET"]}}],"collection":[{"href":"https:\/\/www.ersatzflaechen.de\/index.php\/wp-json\/wp\/v2\/pages"}],"about":[{"href":"https:\/\/www.ersatzflaechen.de\/index.php\/wp-json\/wp\/v2\/types\/page"}],"author":[{"embeddable":true,"href":"https:\/\/www.ersatzflaechen.de\/index.php\/wp-json\/wp\/v2\/users\/1"}],"replies":[{"embeddable":true,"href":"https:\/\/www.ersatzflaechen.de\/index.php\/wp-json\/wp\/v2\/comments?post=132"}],"version-history":[{"count":6,"href":"https:\/\/www.ersatzflaechen.de\/index.php\/wp-json\/wp\/v2\/pages\/132\/revisions"}],"predecessor-version":[{"id":278,"href":"https:\/\/www.ersatzflaechen.de\/index.php\/wp-json\/wp\/v2\/pages\/132\/revisions\/278"}],"up":[{"embeddable":true,"href":"https:\/\/www.ersatzflaechen.de\/index.php\/wp-json\/wp\/v2\/pages\/93"}],"wp:attachment":[{"href":"https:\/\/www.ersatzflaechen.de\/index.php\/wp-json\/wp\/v2\/media?parent=132"}],"curies":[{"name":"wp","href":"https:\/\/api.w.org\/{rel}","templated":true}]}}