{"id":147,"date":"2022-11-18T01:02:48","date_gmt":"2022-11-18T01:02:48","guid":{"rendered":"https:\/\/www.ersatzflaechen.de\/?page_id=147"},"modified":"2022-11-27T14:17:23","modified_gmt":"2022-11-27T14:17:23","slug":"kontaktformular","status":"publish","type":"page","link":"https:\/\/www.ersatzflaechen.de\/index.php\/kontaktformular\/","title":{"rendered":"Kontaktformular"},"content":{"rendered":"\n<p class=\"ticss-b9763669 has-white-color has-text-color has-background\" style=\"background-color:#275143\"><strong>Haben Sie Fragen zu unserem Angebot oder m\u00f6chten \u00d6kopunkte erwerben?<\/strong><br><br>F\u00fcllen Sie einfach das Kontaktformular aus und wir setzen uns zeitnah mit Ihnen in Verbindung. Nat\u00fcrlich k\u00f6nnen Sie uns auch telefonisch erreichen.<br><br>Wir freuen uns von Ihnen zu h\u00f6ren.<br><\/p>\n\n\n\n<div class=\"wpcf7 no-js\" id=\"wpcf7-f95-o1\" lang=\"de-DE\" dir=\"ltr\" data-wpcf7-id=\"95\">\n<div class=\"screen-reader-response\"><p role=\"status\" aria-live=\"polite\" aria-atomic=\"true\"><\/p> <ul><\/ul><\/div>\n<form action=\"\/index.php\/wp-json\/wp\/v2\/pages\/147#wpcf7-f95-o1\" method=\"post\" class=\"wpcf7-form init\" aria-label=\"Kontaktformular\" novalidate=\"novalidate\" data-status=\"init\">\n<fieldset class=\"hidden-fields-container\"><input type=\"hidden\" name=\"_wpcf7\" value=\"95\" \/><input type=\"hidden\" name=\"_wpcf7_version\" value=\"6.1.5\" \/><input type=\"hidden\" name=\"_wpcf7_locale\" value=\"de_DE\" \/><input type=\"hidden\" name=\"_wpcf7_unit_tag\" value=\"wpcf7-f95-o1\" \/><input type=\"hidden\" name=\"_wpcf7_container_post\" value=\"0\" \/><input type=\"hidden\" name=\"_wpcf7_posted_data_hash\" value=\"\" \/>\n<\/fieldset>\n<p><label> Name, Vorname<br \/>\n<span class=\"wpcf7-form-control-wrap\" data-name=\"your-name\"><input size=\"40\" maxlength=\"400\" class=\"wpcf7-form-control wpcf7-text wpcf7-validates-as-required\" aria-required=\"true\" aria-invalid=\"false\" value=\"\" type=\"text\" name=\"your-name\" \/><\/span> <\/label>\n<\/p>\n<p><label> E-Mail-Adresse<br \/>\n<span class=\"wpcf7-form-control-wrap\" data-name=\"your-email\"><input size=\"40\" maxlength=\"400\" class=\"wpcf7-form-control wpcf7-email wpcf7-validates-as-required wpcf7-text wpcf7-validates-as-email\" aria-required=\"true\" aria-invalid=\"false\" value=\"\" type=\"email\" name=\"your-email\" \/><\/span> <\/label>\n<\/p>\n<p><label> Telefonnummer<br \/>\n<span class=\"wpcf7-form-control-wrap\" data-name=\"your-telephone\"><input size=\"40\" maxlength=\"400\" class=\"wpcf7-form-control wpcf7-text wpcf7-validates-as-required\" aria-required=\"true\" aria-invalid=\"false\" value=\"\" type=\"text\" name=\"your-telephone\" \/><\/span> <\/label>\n<\/p>\n<p><label> Ihre Nachricht<br \/>\n<span class=\"wpcf7-form-control-wrap\" data-name=\"your-message\"><textarea cols=\"40\" rows=\"10\" maxlength=\"2000\" class=\"wpcf7-form-control wpcf7-textarea wpcf7-validates-as-required\" aria-required=\"true\" aria-invalid=\"false\" name=\"your-message\"><\/textarea><\/span> <\/label>\n<\/p>\n<p>Bitte das Ergebnis eintragen:<br \/>\n<span class=\"wpcf7-form-control-wrap\" data-name=\"quiz-273\"><label><span class=\"wpcf7-quiz-label\">4 pl.us 2 =?<\/span> <input size=\"40\" class=\"wpcf7-form-control wpcf7-quiz\" autocomplete=\"off\" aria-required=\"true\" aria-invalid=\"false\" type=\"text\" name=\"quiz-273\" \/><\/label><input type=\"hidden\" name=\"_wpcf7_quiz_answer_quiz-273\" value=\"cf84bd653c30608436bf4e57c924447d\" \/><\/span>\n<\/p>\n<p><input class=\"wpcf7-form-control wpcf7-submit has-spinner\" type=\"submit\" value=\"Senden\" \/>\n<\/p><div class=\"wpcf7-response-output\" aria-hidden=\"true\"><\/div>\n<\/form>\n<\/div>\n\n","protected":false},"excerpt":{"rendered":"<p>Haben Sie Fragen zu unserem Angebot oder m\u00f6chten \u00d6kopunkte erwerben? F\u00fcllen Sie einfach das Kontaktformular aus und wir setzen uns zeitnah mit Ihnen in Verbindung. Nat\u00fcrlich k\u00f6nnen Sie uns auch telefonisch erreichen. Wir freuen uns von Ihnen zu h\u00f6ren.<\/p>\n","protected":false},"author":1,"featured_media":0,"parent":0,"menu_order":0,"comment_status":"closed","ping_status":"closed","template":"","meta":{"_themeisle_gutenberg_block_has_review":false,"footnotes":""},"class_list":["post-147","page","type-page","status-publish","hentry"],"_links":{"self":[{"href":"https:\/\/www.ersatzflaechen.de\/index.php\/wp-json\/wp\/v2\/pages\/147","targetHints":{"allow":["GET"]}}],"collection":[{"href":"https:\/\/www.ersatzflaechen.de\/index.php\/wp-json\/wp\/v2\/pages"}],"about":[{"href":"https:\/\/www.ersatzflaechen.de\/index.php\/wp-json\/wp\/v2\/types\/page"}],"author":[{"embeddable":true,"href":"https:\/\/www.ersatzflaechen.de\/index.php\/wp-json\/wp\/v2\/users\/1"}],"replies":[{"embeddable":true,"href":"https:\/\/www.ersatzflaechen.de\/index.php\/wp-json\/wp\/v2\/comments?post=147"}],"version-history":[{"count":5,"href":"https:\/\/www.ersatzflaechen.de\/index.php\/wp-json\/wp\/v2\/pages\/147\/revisions"}],"predecessor-version":[{"id":309,"href":"https:\/\/www.ersatzflaechen.de\/index.php\/wp-json\/wp\/v2\/pages\/147\/revisions\/309"}],"wp:attachment":[{"href":"https:\/\/www.ersatzflaechen.de\/index.php\/wp-json\/wp\/v2\/media?parent=147"}],"curies":[{"name":"wp","href":"https:\/\/api.w.org\/{rel}","templated":true}]}}